{"id":3734,"date":"2021-06-12T05:43:07","date_gmt":"2021-06-12T05:43:07","guid":{"rendered":"http:\/\/www.campingverneda.com\/blog\/?page_id=3734"},"modified":"2025-07-13T08:07:14","modified_gmt":"2025-07-13T08:07:14","slug":"menu-fra","status":"publish","type":"page","link":"http:\/\/www.campingverneda.com\/blog\/menu-fra\/","title":{"rendered":"Menu French"},"content":{"rendered":"<p><div class=\"fusion-fullwidth fullwidth-box nonhundred-percent-fullwidth non-hundred-percent-height-scrolling\"  style='background-color: rgba(255,255,255,0);background-position: center center;background-repeat: no-repeat;padding-top:0px;padding-right:30px;padding-bottom:0px;padding-left:30px;border-top-width:0px;border-bottom-width:0px;border-color:#eae9e9;border-top-style:solid;border-bottom-style:solid;'><div class=\"fusion-builder-row fusion-row \"><div  class=\"fusion-layout-column fusion_builder_column fusion_builder_column_1_4  fusion-one-fourth fusion-column-first 1_4\"  style='margin-top:0px;margin-bottom:20px;width:25%;width:calc(25% - ( ( 4% + 4% ) * 0.25 ) );margin-right: 4%;'>\n\t\t\t\t\t<div class=\"fusion-column-wrapper\" style=\"padding: 0px 0px 0px 0px;background-position:left top;background-repeat:no-repeat;-webkit-background-size:cover;-moz-background-size:cover;-o-background-size:cover;background-size:cover;\"   data-bg-url=\"\">\n\t\t\t\t\t\t<div class=\"fusion-clearfix\"><\/div>\n\n\t\t\t\t\t<\/div>\n\t\t\t\t<\/div><div  class=\"fusion-layout-column fusion_builder_column fusion_builder_column_1_2  fusion-one-half 1_2\"  style='margin-top:0px;margin-bottom:20px;width:50%;width:calc(50% - ( ( 4% + 4% ) * 0.5 ) );margin-right: 4%;'>\n\t\t\t\t\t<div class=\"fusion-column-wrapper\" style=\"padding: 0px 0px 0px 0px;background-position:left top;background-repeat:no-repeat;-webkit-background-size:cover;-moz-background-size:cover;-o-background-size:cover;background-size:cover;\"   data-bg-url=\"\">\n\t\t\t\t\t\t<div class=\"imageframe-align-center\"><span class=\"fusion-imageframe imageframe-none imageframe-1 hover-type-none\"><img decoding=\"async\" loading=\"lazy\" src=\"http:\/\/www.campingverneda.com\/blog\/wp-content\/uploads\/2016\/05\/verneda-logo-peq.png\" width=\"300\" height=\"67\" alt=\"\" title=\"verneda-logo-peq\" class=\"img-responsive wp-image-3156\" srcset=\"http:\/\/www.campingverneda.com\/blog\/wp-content\/uploads\/2016\/05\/verneda-logo-peq-200x45.png 200w, http:\/\/www.campingverneda.com\/blog\/wp-content\/uploads\/2016\/05\/verneda-logo-peq.png 300w\" sizes=\"(max-width: 800px) 100vw, 300px\" \/><\/span><\/div><div class=\"fusion-text\"><h3 style=\"text-align: center;\">MENU DU RESTAURANT<\/h3>\n<\/div>\n<div class=\"table-2\">\n<table style=\"height: 321px;\" width=\"531\">\n<thead>\n<tr>\n<th style=\"text-align: left;\" align=\"left\">\u00c0 PARTAGER<\/th>\n<th style=\"text-align: left;\" align=\"right\"><\/th>\n<\/tr>\n<\/thead>\n<tbody>\n<tr>\n<td style=\"width: 400px;\" align=\"left\">\u00a0<strong>PATATAS BRAVAS<\/strong><\/td>\n<td align=\"right\">7.40 \u20ac<\/td>\n<\/tr>\n<tr>\n<td align=\"left\"><strong>CROQUETTES<\/strong> MAISON (MIN 4)<\/td>\n<td align=\"right\">2 \u20ac\/u<\/td>\n<\/tr>\n<tr>\n<td align=\"left\"><strong>CRUNCHY NACHOS<\/strong> tortilla de ma\u00efs garnie de fromage, guacamole, <em>chili con carne<\/em> et <em>jalape\u00f1os<\/em><\/td>\n<td align=\"right\">13.50 \u20ac<\/td>\n<\/tr>\n<tr>\n<td style=\"text-align: left;\" align=\"left\"><strong>AIGUILLES DE POULET<\/strong> AVEC MAYONNAISE<br \/>\nAUX AGRUMES<\/td>\n<td align=\"right\">10.50 \u20ac<\/td>\n<\/tr>\n<tr>\n<td align=\"left\"><strong>SALADE RUSSE<\/strong> MAISON<\/td>\n<td align=\"right\">11.90 \u20ac<\/td>\n<\/tr>\n<tr>\n<td align=\"left\"><strong>TARTAR DE SAUMON <\/strong>avec avocat<\/td>\n<td align=\"right\">17.90 \u20ac<\/td>\n<\/tr>\n<\/tbody>\n<\/table>\n<\/div>\n\n<div class=\"table-2\">\n<table style=\"height: 22px;\" width=\"531\">\n<thead>\n<tr>\n<th style=\"text-align: left;\" align=\"left\">LES SALADES FRA\u00ceCHES<\/th>\n<th style=\"text-align: left;\" align=\"right\"><\/th>\n<\/tr>\n<\/thead>\n<tbody>\n<tr>\n<td align=\"left\"><strong>DE CH\u00c8VRE<\/strong><br \/>\nPousses vertes au fromage ch\u00e8vre au<br \/>\ngratin, noix et vinaigrette cass\u00eds<\/td>\n<td align=\"right\">13.90 \u20ac<\/td>\n<\/tr>\n<tr>\n<td align=\"left\"><strong>CESAR<\/strong><br \/>\nPoitrine de poulet crousillante, bacon<br \/>\net parmesan rap\u00e9, assaisonn\u00e9e de sauce<br \/>\nC\u00e9sar sur un lit de laitue<\/td>\n<td align=\"right\">14.90 \u20ac<\/td>\n<\/tr>\n<tr>\n<td style=\"width: 400px;\" align=\"left\"><strong>SALADE DU POTAGER<\/strong><br \/>\n<span style=\"font-family: inherit; font-size: inherit;\">Mesclun, carottes, tomates, olives, avocat et oignon<\/span><\/td>\n<td align=\"right\">12.90 \u20ac<\/td>\n<\/tr>\n<\/tbody>\n<\/table>\n<\/div>\n\n<div class=\"table-2\">\n<table style=\"height: 22px;\" width=\"531px\">\n<thead>\n<tr>\n<th style=\"text-align: left;\" align=\"left\">P\u00c0TE!!!\u00a0 MMMMMM!<\/th>\n<th style=\"text-align: left;\" align=\"right\"><\/th>\n<\/tr>\n<\/thead>\n<tbody>\n<tr>\n<td style=\"width: 400px;\" align=\"left\"><strong>LASAGNE DE LEGUMES<br \/>\n<\/strong>Avec sauce b\u00e9chamel douce aux c\u00e8pes<\/td>\n<td align=\"right\">12.90 \u20ac<\/td>\n<\/tr>\n<tr>\n<td align=\"left\"><strong>SPAGUETTIS<\/strong><br \/>\n<span style=\"font-family: inherit; font-size: inherit;\">Sauce \u00e0 choisir, Carbonara ou Bolognese<\/span><\/td>\n<td align=\"right\">11.50 \u20ac<\/td>\n<\/tr>\n<tr>\n<td align=\"left\"><strong>WOK DE L\u00c9GUMES ET CREVETTES<\/strong><br \/>\n<span style=\"font-family: inherit; font-size: inherit;\">L\u00e9gumes, crevettes et nouilles saut\u00e9s \u00e0 la<br \/>\nsauce asiatique<\/span><\/td>\n<td align=\"right\">15.50 \u20ac<\/td>\n<\/tr>\n<\/tbody>\n<\/table>\n<\/div>\n\n<div class=\"table-2\">\n<table style=\"height: 22px;\" width=\"531px\">\n<thead>\n<tr>\n<th style=\"text-align: left;\" align=\"left\">LA BURGER<\/th>\n<th style=\"text-align: left;\" align=\"right\"><\/th>\n<\/tr>\n<\/thead>\n<tbody>\n<tr>\n<td style=\"width: 400px;\" align=\"left\"><strong>VERNEDA<\/strong><br \/>\n180gr boeuf hach\u00e9, fromage Blanquet<br \/>\nde Tarrau, bacon, laitue, tomate, oignons<br \/>\ncaram\u00e9lis\u00e9s,et dip de moutarde avec du<br \/>\npain de campagne, salade et frites<\/td>\n<td align=\"right\">17.90 \u20ac<\/td>\n<\/tr>\n<tr>\n<td align=\"left\">*Pain sans gluten disponible<\/td>\n<td align=\"right\">2.00 \u20ac<\/td>\n<\/tr>\n<\/tbody>\n<\/table>\n<\/div>\n\n<div class=\"table-2\">\n<table style=\"height: 22px;\" width=\"531px\">\n<thead>\n<tr>\n<th style=\"text-align: left;\" align=\"left\">LES PLATS<\/th>\n<th style=\"text-align: left;\" align=\"right\"><\/th>\n<\/tr>\n<\/thead>\n<tbody>\n<tr>\n<td style=\"width: 400px;\" align=\"left\"><strong>POULET FERMIER R\u00d4TI<\/strong><br \/>\nAvec sa pointe croustillante et des<br \/>\nfrites maison<\/td>\n<td align=\"right\">12.50 \u20ac<\/td>\n<\/tr>\n<tr>\n<td align=\"left\"><strong>BUTIFARRA D&#8217;ARAN<\/strong><br \/>\nSaucisse local avec des frites<br \/>\nmaison<\/td>\n<td align=\"right\">12.50 \u20ac<\/td>\n<\/tr>\n<tr>\n<td align=\"left\"><strong>SECRET IBERIQUE GRILL\u00c9<\/strong><br \/>\nSecret (porc) au PX avec des frites maison<\/td>\n<td align=\"right\">21.90 \u20ac<\/td>\n<\/tr>\n<tr>\n<td style=\"text-align: left;\" align=\"left\"><strong>1\/2 C\u00d4TES DE PORC AU BARBECUE<\/strong><br \/>\nDes c\u00f4tes de porc tendres et d\u00e8licieuses<br \/>\navec sauce barbecue et des frites maison<\/td>\n<td align=\"right\">17.50 \u20ac<\/td>\n<\/tr>\n<tr>\n<td style=\"text-align: left;\" align=\"left\"><b>POULPE GRILL\u00c9<br \/>\n<\/b>Avec notre garnison<\/td>\n<td align=\"right\">22.50 \u20ac<\/td>\n<\/tr>\n<\/tbody>\n<\/table>\n<\/div>\n\n<div class=\"table-2\">\n<table style=\"height: 22px;\" width=\"531px\">\n<thead>\n<tr>\n<th style=\"text-align: left;\" align=\"left\">LES PIZZAS ARTISANALES<\/th>\n<th style=\"text-align: left;\" align=\"right\"><\/th>\n<\/tr>\n<\/thead>\n<tbody>\n<tr>\n<td style=\"width: 400px;\" align=\"left\"><strong>MARGARITA<\/strong><br \/>\n<span style=\"font-family: inherit; font-size: inherit;\">Mozzarella et tomate<\/span><\/td>\n<td align=\"right\">12.00 \u20ac<\/td>\n<\/tr>\n<tr>\n<td align=\"left\"><strong>BARBACUE<\/strong><br \/>\n<span style=\"font-family: inherit; font-size: inherit;\">Viande hach\u00e9e, sauce barbacue et<br \/>\nmozzarella<\/span><\/td>\n<td align=\"right\">14.00 \u20ac<\/td>\n<\/tr>\n<tr>\n<td align=\"left\"><strong>PROSCIUTTO<\/strong><br \/>\n<span style=\"font-family: inherit; font-size: inherit;\">Tomate, mozzarella et jambon cuit<\/span><\/td>\n<td align=\"right\">13.50 \u20ac<\/td>\n<\/tr>\n<tr>\n<td style=\"text-align: left;\" align=\"left\"><strong>QUATRE FROMAGES<\/strong><br \/>\nTomate avec un m\u00e9lange de fromage<br \/>\nbleu, mozzarella, emmental et cheddar<\/td>\n<td align=\"right\">14.00 \u20ac<\/td>\n<\/tr>\n<tr>\n<td style=\"text-align: left;\" align=\"left\"><strong>L\u00c9GUMES AVEC FROMAGE DE CH\u00c8VRE<\/strong><\/p>\n<p>Tomates, fromage v\u00e9g\u00e9talien, fromage ch\u00e8vre, champignons, poivron rouge, courgette, \u00e9pinards et tomates cerises.<\/td>\n<td align=\"right\">13.50 \u20ac<\/td>\n<\/tr>\n<tr>\n<td style=\"text-align: left;\" align=\"left\"><strong>BACON PORTOBELLO<\/strong><br \/>\n<span style=\"font-family: inherit; font-size: inherit;\">Tomate, mozzarella, bacon et champignons portobello<\/span><\/td>\n<td align=\"right\">14.00 \u20ac<\/td>\n<\/tr>\n<\/tbody>\n<\/table>\n<\/div>\n\n<div class=\"table-2\">\n<table style=\"height: 22px;\" width=\"531px\">\n<thead>\n<tr>\n<th style=\"text-align: left;\" align=\"left\">POUR LES ENFANTS<\/th>\n<th style=\"text-align: left;\" align=\"right\"><\/th>\n<\/tr>\n<\/thead>\n<tbody>\n<tr>\n<td style=\"width: 400px;\" align=\"left\"><strong>Aiguilles de poulet, spaguettis et frites<\/strong><\/td>\n<td align=\"right\">12.90 \u20ac<\/td>\n<\/tr>\n<\/tbody>\n<\/table>\n<\/div>\n\n<div class=\"table-2\">\n<table style=\"height: 22px;\" width=\"531px\">\n<thead>\n<tr>\n<th style=\"text-align: left;\" align=\"left\">NOS DESSERTS MAISON<\/th>\n<th style=\"text-align: left;\" align=\"right\"><\/th>\n<\/tr>\n<\/thead>\n<tbody>\n<tr>\n<td style=\"width: 400px;\" align=\"left\"><span style=\"font-family: inherit; font-size: inherit;\"><strong>CHEESECAKE<\/strong><br \/>\nUn classique avec coulis de fruits rouges\u00a0<\/span><\/td>\n<td align=\"right\">6.50\u20ac<\/td>\n<\/tr>\n<tr>\n<td style=\"text-align: left;\" align=\"left\"><span style=\"font-family: inherit; font-size: inherit;\"><strong>YAOURT DU VAL D&#8217;ARAN<\/strong><br \/>\n<\/span><span style=\"font-family: inherit; font-size: inherit;\">De la Hormatgeria dera Irissa,<br \/>\n<\/span><span style=\"font-family: inherit; font-size: inherit;\">avec coulis de fruits rouges<\/span><\/td>\n<td align=\"right\">5.50 \u20ac<\/td>\n<\/tr>\n<tr>\n<td align=\"left\"><strong>CR\u00caPE NUTELLA<\/strong><br \/>\n<span style=\"font-family: inherit; font-size: inherit;\">Un postre de Aran, <em>eth cresp\u00e8th<\/em>,<br \/>\n<\/span><span style=\"font-family: inherit; font-size: inherit;\">avec de d\u00e9licieux Nutella<\/span><\/td>\n<td align=\"right\">5.90 \u20ac<\/td>\n<\/tr>\n<tr>\n<td align=\"left\"><strong>TIRAMISU MAISON,\u00a0<\/strong>Vous ne serez pas de\u00e7u!<\/td>\n<td align=\"right\">6.90 \u20ac<\/td>\n<\/tr>\n<tr>\n<td style=\"text-align: left;\" align=\"left\"><strong>BROWNIE AVEC BOULE DE GLACE \u00c0 LA VANILLE<\/strong><br \/>\nPour les amoureux du chocolat<\/td>\n<td align=\"right\">6.90 \u20ac<\/td>\n<\/tr>\n<\/tbody>\n<\/table>\n<\/div>\n<div class=\"fusion-clearfix\"><\/div>\n\n\t\t\t\t\t<\/div>\n\t\t\t\t<\/div><div  class=\"fusion-layout-column fusion_builder_column fusion_builder_column_1_4  fusion-one-fourth fusion-column-last 1_4\"  style='margin-top:0px;margin-bottom:20px;width:25%;width:calc(25% - ( ( 4% + 4% ) * 0.25 ) );'>\n\t\t\t\t\t<div class=\"fusion-column-wrapper\" style=\"padding: 0px 0px 0px 0px;background-position:left top;background-repeat:no-repeat;-webkit-background-size:cover;-moz-background-size:cover;-o-background-size:cover;background-size:cover;\"   data-bg-url=\"\">\n\t\t\t\t\t\t<div class=\"fusion-clearfix\"><\/div>\n\n\t\t\t\t\t<\/div>\n\t\t\t\t<\/div><\/div><\/div><div class=\"fusion-fullwidth fullwidth-box nonhundred-percent-fullwidth non-hundred-percent-height-scrolling\"  style='background-color: rgba(255,255,255,0);background-position: center center;background-repeat: no-repeat;padding-top:0px;padding-right:30px;padding-bottom:0px;padding-left:30px;border-top-width:0px;border-bottom-width:0px;border-color:#eae9e9;border-top-style:solid;border-bottom-style:solid;'><div class=\"fusion-builder-row fusion-row \"><div  class=\"fusion-layout-column fusion_builder_column fusion_builder_column_1_4  fusion-one-fourth fusion-column-first 1_4\"  style='margin-top:0px;margin-bottom:20px;width:25%;width:calc(25% - ( ( 4% + 4% ) * 0.25 ) );margin-right: 4%;'>\n\t\t\t\t\t<div class=\"fusion-column-wrapper\" style=\"padding: 0px 0px 0px 0px;background-position:left top;background-repeat:no-repeat;-webkit-background-size:cover;-moz-background-size:cover;-o-background-size:cover;background-size:cover;\"   data-bg-url=\"\">\n\t\t\t\t\t\t<div class=\"fusion-clearfix\"><\/div>\n\n\t\t\t\t\t<\/div>\n\t\t\t\t<\/div><div  class=\"fusion-layout-column fusion_builder_column fusion_builder_column_1_2  fusion-one-half fusion-blend-mode 1_2\"  style='margin-top:50px;margin-bottom:50px;width:50%;width:calc(50% - ( ( 4% + 4% ) * 0.5 ) );margin-right: 4%;'>\n\t\t\t\t\t<div class=\"fusion-column-wrapper\" style=\"background-color:#c2d100;border:2px solid #335643;padding: 20px 0px 0px 0px;background-position:left top;background-repeat:no-repeat;-webkit-background-size:cover;-moz-background-size:cover;-o-background-size:cover;background-size:cover;\"   data-bg-url=\"\">\n\t\t\t\t\t\t<div class=\"fusion-text\"><h2 style=\"text-align: center;\">\u00c0 EMPORTER<\/h2>\n<p style=\"text-align: center;\"><strong>Sur demande<\/strong><\/p>\n<p style=\"text-align: center;\"><strong>+ 34 628 946 544<\/strong><\/p>\n<p style=\"text-align: center;\"><strong>MIDI<\/strong>: COMMANDER : jusqu&#8217;\u00e0 12 heures* RECUEILLIR : jusqu&#8217;\u00e0 13h30<\/p>\n<p style=\"text-align: center;\"><strong>APR\u00c8S-MIDI<\/strong>: COMMANDER : jusqu&#8217;\u00e0 19H* RECUEILLIR : jusqu&#8217;\u00e0 20H<\/p>\n<\/div><div class=\"fusion-clearfix\"><\/div>\n\n\t\t\t\t\t<\/div>\n\t\t\t\t<\/div><div  class=\"fusion-layout-column fusion_builder_column fusion_builder_column_1_4  fusion-one-fourth fusion-column-last 1_4\"  style='margin-top:0px;margin-bottom:20px;width:25%;width:calc(25% - ( ( 4% + 4% ) * 0.25 ) );'>\n\t\t\t\t\t<div class=\"fusion-column-wrapper\" style=\"padding: 0px 0px 0px 0px;background-position:left top;background-repeat:no-repeat;-webkit-background-size:cover;-moz-background-size:cover;-o-background-size:cover;background-size:cover;\"   data-bg-url=\"\">\n\t\t\t\t\t\t<div class=\"fusion-clearfix\"><\/div>\n\n\t\t\t\t\t<\/div>\n\t\t\t\t<\/div><\/div><\/div><div class=\"fusion-fullwidth fullwidth-box nonhundred-percent-fullwidth non-hundred-percent-height-scrolling\"  style='background-color: rgba(255,255,255,0);background-position: center center;background-repeat: no-repeat;padding-top:0px;padding-right:30px;padding-bottom:0px;padding-left:30px;border-top-width:0px;border-bottom-width:0px;border-color:#eae9e9;border-top-style:solid;border-bottom-style:solid;'><div class=\"fusion-builder-row fusion-row \"><div  class=\"fusion-layout-column fusion_builder_column fusion_builder_column_1_4  fusion-one-fourth fusion-column-first 1_4\"  style='margin-top:0px;margin-bottom:20px;width:25%;width:calc(25% - ( ( 4% + 4% ) * 0.25 ) );margin-right: 4%;'>\n\t\t\t\t\t<div class=\"fusion-column-wrapper\" style=\"padding: 0px 0px 0px 0px;background-position:left top;background-repeat:no-repeat;-webkit-background-size:cover;-moz-background-size:cover;-o-background-size:cover;background-size:cover;\"   data-bg-url=\"\">\n\t\t\t\t\t\t<div class=\"fusion-clearfix\"><\/div>\n\n\t\t\t\t\t<\/div>\n\t\t\t\t<\/div><div  class=\"fusion-layout-column fusion_builder_column fusion_builder_column_1_2  fusion-one-half 1_2\"  style='margin-top:0px;margin-bottom:20px;width:50%;width:calc(50% - ( ( 4% + 4% ) * 0.5 ) );margin-right: 4%;'>\n\t\t\t\t\t<div class=\"fusion-column-wrapper\" style=\"padding: 0px 0px 0px 0px;background-position:left top;background-repeat:no-repeat;-webkit-background-size:cover;-moz-background-size:cover;-o-background-size:cover;background-size:cover;\"   data-bg-url=\"\">\n\t\t\t\t\t\t<div class=\"fusion-text\"><h3 style=\"text-align: center;\">PETIT D\u00c9JEUNER VERNEDA (9-11 heures seulement)<\/h3>\n<\/div>\n<div class=\"table-2\">\n<table style=\"height: 22px;\" width=\"531px\">\n<thead>\n<tr>\n<th style=\"text-align: left;\" align=\"left\">SANDWICHES FROIDS<\/th>\n<th style=\"text-align: left;\" align=\"right\"><\/th>\n<\/tr>\n<\/thead>\n<tbody>\n<tr>\n<td style=\"width: 400px;\" align=\"left\"><strong><span style=\"font-family: inherit; font-size: inherit;\">JAMBON PAYS<\/span><\/strong><\/td>\n<td align=\"right\">5.00 \u20ac<\/td>\n<\/tr>\n<tr>\n<td align=\"left\"><strong>FROMAGE<\/strong><\/td>\n<td align=\"right\">4.90 \u20ac<\/td>\n<\/tr>\n<tr>\n<td style=\"text-align: left;\" align=\"left\"><strong><span style=\"font-family: inherit; font-size: inherit;\">THON<\/span><\/strong><\/td>\n<td align=\"right\">4.90 \u20ac<\/td>\n<\/tr>\n<tr>\n<td style=\"text-align: left;\" align=\"left\"><span style=\"font-family: inherit; font-size: inherit;\"><strong>SAUCISSE S\u00c8CHE\u00a0<\/strong><\/span><\/td>\n<td align=\"right\">5.40 \u20ac<\/td>\n<\/tr>\n<tr>\n<td style=\"text-align: left;\" align=\"left\"><strong><span style=\"font-family: inherit; font-size: inherit;\">JAMBON CUIT<\/span><\/strong><\/td>\n<td align=\"right\">4.00 \u20ac<\/td>\n<\/tr>\n<tr>\n<td style=\"text-align: left;\" align=\"left\"><strong><span style=\"font-family: inherit; font-size: inherit;\">TOAST\u00a0<\/span><\/strong><span style=\"font-family: inherit; font-size: inherit;\">avec saumon et avocado<\/span><\/td>\n<td align=\"right\">9.90 \u20ac<\/td>\n<\/tr>\n<tr>\n<td style=\"text-align: left;\" align=\"left\"><strong>SUPPL\u00c9MENT<\/strong><\/td>\n<td align=\"right\">1.00 \u20ac<\/td>\n<\/tr>\n<\/tbody>\n<\/table>\n<\/div>\n\n<div class=\"table-2\">\n<table style=\"height: 22px;\" width=\"531px\">\n<thead>\n<tr>\n<th style=\"text-align: left;\" align=\"left\">SANDWICHES\/TOAST CHAUDS<\/th>\n<th style=\"text-align: left;\" align=\"right\"><\/th>\n<\/tr>\n<\/thead>\n<tbody>\n<tr>\n<td style=\"width: 400px;\" align=\"left\"><strong><span style=\"font-family: inherit; font-size: inherit;\">BOTIFARRA D&#8217;ARAN<\/span><\/strong><\/td>\n<td align=\"right\">7.70 \u20ac<\/td>\n<\/tr>\n<tr>\n<td align=\"left\"><strong>OMELETTE<\/strong><\/td>\n<td align=\"right\">5.50 \u20ac<\/td>\n<\/tr>\n<tr>\n<td align=\"left\"><strong><span style=\"font-family: inherit; font-size: inherit;\">FILET DE PORC<\/span><\/strong><\/td>\n<td align=\"right\">6.10 \u20ac<\/td>\n<\/tr>\n<tr>\n<td align=\"left\"><strong><span style=\"font-family: inherit; font-size: inherit;\">BACON<\/span><\/strong><\/td>\n<td align=\"right\">5.30 \u20ac<\/td>\n<\/tr>\n<tr>\n<td align=\"left\"><span style=\"font-family: inherit; font-size: inherit;\"><strong>BIKINI<\/strong><br \/>\n<\/span><span style=\"font-family: inherit; font-size: inherit;\"><i>Pain de mie, fromage<br \/>\net jambon cuit<\/i><br \/>\n<\/span><\/td>\n<td align=\"right\">4.50 \u20ac<\/td>\n<\/tr>\n<tr>\n<td align=\"left\"><span style=\"font-family: inherit; font-size: inherit;\"><strong>SUPL\u00c9MENT<\/strong><\/span><span style=\"font-family: inherit; font-size: inherit;\"><br \/>\n<\/span><\/td>\n<td align=\"right\">1.00 \u20ac<\/td>\n<\/tr>\n<\/tbody>\n<\/table>\n<\/div>\n<div class=\"fusion-clearfix\"><\/div>\n\n\t\t\t\t\t<\/div>\n\t\t\t\t<\/div><div  class=\"fusion-layout-column fusion_builder_column fusion_builder_column_1_4  fusion-one-fourth fusion-column-last 1_4\"  style='margin-top:0px;margin-bottom:20px;width:25%;width:calc(25% - ( ( 4% + 4% ) * 0.25 ) );'>\n\t\t\t\t\t<div class=\"fusion-column-wrapper\" style=\"padding: 0px 0px 0px 0px;background-position:left top;background-repeat:no-repeat;-webkit-background-size:cover;-moz-background-size:cover;-o-background-size:cover;background-size:cover;\"   data-bg-url=\"\">\n\t\t\t\t\t\t<div class=\"fusion-clearfix\"><\/div>\n\n\t\t\t\t\t<\/div>\n\t\t\t\t<\/div><\/div><\/div><div class=\"fusion-fullwidth fullwidth-box nonhundred-percent-fullwidth non-hundred-percent-height-scrolling\"  style='background-color: rgba(255,255,255,0);background-position: center center;background-repeat: no-repeat;padding-top:0px;padding-right:30px;padding-bottom:0px;padding-left:30px;border-top-width:0px;border-bottom-width:0px;border-color:#eae9e9;border-top-style:solid;border-bottom-style:solid;'><div class=\"fusion-builder-row fusion-row \"><div  class=\"fusion-layout-column fusion_builder_column fusion_builder_column_1_4  fusion-one-fourth fusion-column-first 1_4\"  style='margin-top:0px;margin-bottom:20px;width:25%;width:calc(25% - ( ( 4% + 4% ) * 0.25 ) );margin-right: 4%;'>\n\t\t\t\t\t<div class=\"fusion-column-wrapper\" style=\"padding: 0px 0px 0px 0px;background-position:left top;background-repeat:no-repeat;-webkit-background-size:cover;-moz-background-size:cover;-o-background-size:cover;background-size:cover;\"   data-bg-url=\"\">\n\t\t\t\t\t\t<div class=\"fusion-clearfix\"><\/div>\n\n\t\t\t\t\t<\/div>\n\t\t\t\t<\/div><div  class=\"fusion-layout-column fusion_builder_column fusion_builder_column_1_2  fusion-one-half 1_2\"  style='margin-top:0px;margin-bottom:20px;width:50%;width:calc(50% - ( ( 4% + 4% ) * 0.5 ) );margin-right: 4%;'>\n\t\t\t\t\t<div class=\"fusion-column-wrapper\" style=\"padding: 0px 0px 0px 0px;background-position:left top;background-repeat:no-repeat;-webkit-background-size:cover;-moz-background-size:cover;-o-background-size:cover;background-size:cover;\"   data-bg-url=\"\">\n\t\t\t\t\t\t<div class=\"fusion-text\"><h3 style=\"text-align: center;\">CARTE DES VINS<\/h3>\n<\/div>\n<div class=\"table-2\">\n<table style=\"height: 22px;\" width=\"531px\">\n<thead>\n<tr>\n<th style=\"text-align: left;\" align=\"left\">VIN ROUGE<\/th>\n<th style=\"text-align: left;\" align=\"right\"><\/th>\n<\/tr>\n<\/thead>\n<tbody>\n<tr>\n<td style=\"width: 400px;\" align=\"left\"><strong><span style=\"font-family: inherit; font-size: inherit;\">Vin Maison<\/span><\/strong><\/td>\n<td align=\"right\">8.00 \u20ac<\/td>\n<\/tr>\n<tr>\n<td align=\"left\"><strong>La Planta de arzuaga<br \/>\nDO. Ribera de Duero<\/strong><br \/>\n100% Tempranillo<\/td>\n<td align=\"right\">18.00 \u20ac<\/td>\n<\/tr>\n<tr>\n<td align=\"left\"><strong>Lu\u00eds Ca\u00f1as Crianza<br \/>\nD.O.C La Rioja<\/strong><br \/>\nTempranillo y garnacha<\/td>\n<td align=\"right\">19.90\u20ac<\/td>\n<\/tr>\n<tr>\n<td align=\"left\"><strong>Les Cousins &#8220;L&#8217;inconscient&#8221;<br \/>\nD.O.C Priorat<\/strong><br \/>\nCari\u00f1ena, Garnacha, Cabernet Sauvignon,<br \/>\nMerlot y Syrah<\/td>\n<td align=\"right\">19.90\u20ac<\/td>\n<\/tr>\n<\/tbody>\n<\/table>\n<\/div>\n\n<div class=\"table-2\">\n<table style=\"height: 22px;\" width=\"531px\">\n<thead>\n<tr>\n<th style=\"text-align: left;\" align=\"left\">VIN BLANC<\/th>\n<th style=\"text-align: left;\" align=\"right\"><\/th>\n<\/tr>\n<\/thead>\n<tbody>\n<tr>\n<td style=\"width: 400px;\" align=\"left\"><strong>Gl\u00e1rima de Sommos &#8211; D.O. Somontano<\/strong><br \/>\nGewurztraminer y Chardonnay<\/td>\n<td align=\"right\">9.90 \u20ac<\/td>\n<\/tr>\n<tr>\n<td align=\"left\"><b>Llopart Vitis\u00b7 D.O. Pened\u00e8s<\/b><br \/>\n100% Garnacha blanca<\/td>\n<td align=\"right\">17.00 \u20ac<\/td>\n<\/tr>\n<tr>\n<td align=\"left\"><strong>O FILLO DA CONDESA<\/strong><br \/>\n100% Albari\u00f1o<\/td>\n<td align=\"right\">18.00\u20ac<\/td>\n<\/tr>\n<tr>\n<td align=\"left\"><strong>Jos\u00e9 Pariente Verdejo &#8211; D.O. Rueda<\/strong><br \/>\n100% Verdejo<\/td>\n<td align=\"right\">19.50\u20ac<\/td>\n<\/tr>\n<\/tbody>\n<\/table>\n<\/div>\n\n<div class=\"table-2\">\n<table style=\"height: 22px;\" width=\"531px\">\n<thead>\n<tr>\n<th style=\"text-align: left;\" align=\"left\">VIN ROS\u00c9<\/th>\n<th style=\"text-align: left;\" align=\"right\"><\/th>\n<\/tr>\n<\/thead>\n<tbody>\n<tr>\n<td style=\"width: 400px;\" align=\"left\"><strong>Gl\u00e1rima de Sommos &#8211; D.O. Somontano<\/strong><br \/>\nSyrah y Cabernet Sauvignon<\/td>\n<td align=\"right\">9.90 \u20ac<\/td>\n<\/tr>\n<\/tbody>\n<\/table>\n<\/div>\n\n<div class=\"table-2\">\n<table style=\"height: 22px;\" width=\"531px\">\n<thead>\n<tr>\n<th style=\"text-align: left;\" align=\"left\">VIN MOUSSEUX<\/th>\n<th style=\"text-align: left;\" align=\"right\"><\/th>\n<\/tr>\n<\/thead>\n<tbody>\n<tr>\n<td style=\"width: 400px;\" align=\"left\"><strong>Pedregosa Petit Cuv\u00e9e<br \/>\nD.O. Cava<\/strong><br \/>\nMacabeo, Xarello y Parellada<\/td>\n<td align=\"right\">14.50 \u20ac<\/td>\n<\/tr>\n<\/tbody>\n<\/table>\n<\/div>\n\n<div class=\"table-2\">\n<table style=\"height: 22px;\" width=\"531px\">\n<thead>\n<tr>\n<th style=\"text-align: left;\" align=\"left\">Sangria<\/th>\n<th style=\"text-align: left;\" align=\"right\"><\/th>\n<\/tr>\n<\/thead>\n<tbody>\n<tr>\n<td style=\"width: 400px;\" align=\"left\"><strong>De Vin<\/strong><\/td>\n<td align=\"right\">14.00 \u20ac<\/td>\n<\/tr>\n<tr>\n<td style=\"width: 400px;\" align=\"left\"><strong>De Cava<\/strong><\/td>\n<td align=\"right\">16.00 \u20ac<\/td>\n<\/tr>\n<\/tbody>\n<\/table>\n<\/div>\n<div class=\"fusion-clearfix\"><\/div>\n\n\t\t\t\t\t<\/div>\n\t\t\t\t<\/div><div  class=\"fusion-layout-column fusion_builder_column fusion_builder_column_1_4  fusion-one-fourth fusion-column-last 1_4\"  style='margin-top:0px;margin-bottom:20px;width:25%;width:calc(25% - ( ( 4% + 4% ) * 0.25 ) );'>\n\t\t\t\t\t<div class=\"fusion-column-wrapper\" style=\"padding: 0px 0px 0px 0px;background-position:left top;background-repeat:no-repeat;-webkit-background-size:cover;-moz-background-size:cover;-o-background-size:cover;background-size:cover;\"   data-bg-url=\"\">\n\t\t\t\t\t\t<div class=\"fusion-clearfix\"><\/div>\n\n\t\t\t\t\t<\/div>\n\t\t\t\t<\/div><\/div><\/div><\/p>\n","protected":false},"excerpt":{"rendered":"","protected":false},"author":1,"featured_media":0,"parent":0,"menu_order":0,"comment_status":"closed","ping_status":"closed","template":"","meta":[],"_links":{"self":[{"href":"http:\/\/www.campingverneda.com\/blog\/wp-json\/wp\/v2\/pages\/3734"}],"collection":[{"href":"http:\/\/www.campingverneda.com\/blog\/wp-json\/wp\/v2\/pages"}],"about":[{"href":"http:\/\/www.campingverneda.com\/blog\/wp-json\/wp\/v2\/types\/page"}],"author":[{"embeddable":true,"href":"http:\/\/www.campingverneda.com\/blog\/wp-json\/wp\/v2\/users\/1"}],"replies":[{"embeddable":true,"href":"http:\/\/www.campingverneda.com\/blog\/wp-json\/wp\/v2\/comments?post=3734"}],"version-history":[{"count":68,"href":"http:\/\/www.campingverneda.com\/blog\/wp-json\/wp\/v2\/pages\/3734\/revisions"}],"predecessor-version":[{"id":5386,"href":"http:\/\/www.campingverneda.com\/blog\/wp-json\/wp\/v2\/pages\/3734\/revisions\/5386"}],"wp:attachment":[{"href":"http:\/\/www.campingverneda.com\/blog\/wp-json\/wp\/v2\/media?parent=3734"}],"curies":[{"name":"wp","href":"https:\/\/api.w.org\/{rel}","templated":true}]}}